{"id":7327,"date":"2026-05-10T16:33:09","date_gmt":"2026-05-10T14:33:09","guid":{"rendered":"https:\/\/reshetlacanianit.co.il\/?post_type=product&#038;p=7327"},"modified":"2026-05-11T08:59:07","modified_gmt":"2026-05-11T06:59:07","slug":"%d7%94%d7%96%d7%9e%d7%9f-%d7%94%d7%9c%d7%95%d7%92%d7%99-%d7%a9%d7%9c-%d7%94%d7%94%d7%aa%d7%91%d7%92%d7%a8%d7%95%d7%aa-%d7%9e%d7%90%d7%aa-%d7%a4%d7%99%d7%9c%d7%99%d7%a4-%d7%9c%d7%90%d7%a7%d7%90%d7%93","status":"publish","type":"product","link":"https:\/\/reshetlacanianit.co.il\/?product=%d7%94%d7%96%d7%9e%d7%9f-%d7%94%d7%9c%d7%95%d7%92%d7%99-%d7%a9%d7%9c-%d7%94%d7%94%d7%aa%d7%91%d7%92%d7%a8%d7%95%d7%aa-%d7%9e%d7%90%d7%aa-%d7%a4%d7%99%d7%9c%d7%99%d7%a4-%d7%9c%d7%90%d7%a7%d7%90%d7%93","title":{"rendered":"\u05d4\u05d6\u05de\u05df \u05d4\u05dc\u05d5\u05d2\u05d9 \u05e9\u05dc \u05d4\u05d4\u05ea\u05d1\u05d2\u05e8\u05d5\u05ea \u05de\u05d0\u05ea \u05e4\u05d9\u05dc\u05d9\u05e4 \u05dc\u05d0\u05e7\u05d0\u05d3\u05d4 [\u05e1\u05e4\u05e8\u05d5\u05ea \u05de\u05e7\u05e6\u05d5\u05e2\u05d9\u05ea]"},"content":{"rendered":"<p style=\"direction: rtl;\">\u05d4\u05d9\u05dc\u05d3 \u05de\u05d2\u05d9\u05e2 \u05dc\u05e2\u05d5\u05dc\u05dd \u05d1\u05d8\u05e8\u05dd \u05e2\u05ea \u05d5\u05d7\u05e1\u05e8 \u05db\u05d5\u05dc. \u05d4\u05d5\u05d0 \u05d9\u05db\u05d5\u05dc \u05dc\u05d2\u05d3\u05d5\u05dc \u05e8\u05e7 \u05d0\u05dd \u05d4\u05d5\u05d0 \u05d9\u05d5\u05db\u05e0\u05e1 \u05dc\u05e2\u05d5\u05dc\u05dd \u05e2\u05dc \u05d9\u05d3\u05d9 \u05de\u05d1\u05d5\u05d2\u05e8\u05d9\u05dd, \u05d4\u05d0\u05d7\u05e8\u05d0\u05d9\u05dd \u05dc\u05d0\u05dc\u05de\u05e0\u05d8 \u05d4\u05d7\u05d9\u05d3\u05d5\u05e91 \u05e9\u05d4\u05d9\u05dc\u05d3 \u05de\u05d2\u05dc\u05dd \u05e2\u05dd \u05d4\u05d2\u05e2\u05ea\u05d5 \u05dc\u05d1\u05d9\u05ea, \u05d5\u05de\u05d0\u05d5\u05d7\u05e8 \u05d9\u05d5\u05ea\u05e8, \u05db\u05de\u05ea\u05d1\u05d2\u05e8, \u05dc\u05e2\u05d9\u05e8. \u05d4\u05d5\u05d0 \u05d9\u05dc\u05de\u05d3, \u05d4\u05d7\u05dc \u05de\u05de\u05d4 \u05e9\u05d4\u05d5\u05d0 \u05de\u05ea\u05e0\u05e1\u05d4 \u05d1\u05d2\u05d5\u05e4\u05d5, \u05d0\u05ea \u05db\u05dc\u05dc\u05d9 \u05d4\u05d7\u05d9\u05d9\u05dd \u05e9\u05dc \u05d0\u05dc\u05d5 \u05d4\u05de\u05e7\u05d1\u05dc\u05d9\u05dd \u05d0\u05ea \u05e4\u05e0\u05d9\u05d5. \u05d4\u05d9\u05dc\u05d3 \u05e9\u05de\u05d2\u05d9\u05e2 \u05dc\u05d0 \u05d1\u05d5\u05d7\u05e8 \u05d0\u05ea \u05d4\u05d3\u05d1\u05e8\u05d9\u05dd \u05e9\u05d1\u05d4\u05dd \u05d4\u05d5\u05d0 \u05e0\u05d3\u05e8\u05e9 \u05dc\u05d4\u05ea\u05d7\u05e0\u05da, \u05d4\u05d5\u05d0 \u05e2\u05d5\u05e9\u05d4 \u05d6\u05d0\u05ea \u05d4\u05d5\u05d3\u05d5\u05ea \u05dc\u05e9\u05d9\u05d7 \u05e9\u05de\u05ea\u05e7\u05d9\u05d9\u05dd \u05e2\u05d1\u05d5\u05e8\u05d5 \u05d4\u05d7\u05dc \u05de\u05d2\u05d5\u05e4\u05d5 \u05d4\u05d7\u05d9 \u05e1\u05d1\u05d9\u05d1\u00a0 \u05d4\u05d7\u05d5\u05e8\u05d9\u05dd \u05d4\u05d3\u05d7\u05e4\u05d9\u05d9\u05dd \u05e9\u05dc\u05d5.<\/p>\n<p style=\"direction: rtl;\">\u05e9\u05d9\u05d7 \u05d6\u05d4 \u05ea\u05dc\u05d5\u05d9, \u05db\u05de\u05d5\u05d1\u05df, \u05d1\u05e0\u05d5\u05db\u05d7\u05d5\u05ea \u05d4\u05d2\u05dc\u05d5\u05de\u05d4 \u05e9\u05dc \u05d0\u05d7\u05e8 \u05e9\u05de\u05e6\u05d9\u05e2 \u05dc\u05d5 \u05de\u05d9\u05dc\u05d9\u05dd \u05d5\u05d1\u05e9\u05e0\u05d9 \u05d0\u05d5\u05d1\u05d9\u05d9\u05e7\u05d8\u05d9\u05dd \u05e9\u05dc \u05d0\u05d9\u05d5\u05d5\u05d9 \u05d0\u05e9\u05e8 \u05d9\u05e1\u05d5\u05d3\u05d9\u05d9\u05dd \u05dc\u05db\u05d9\u05e0\u05d5\u05e0\u05d5: \u05d4\u05e7\u05d5\u05dc \u05d5\u05d4\u05de\u05d1\u05d8. \u05d4\u05d9\u05dc\u05d3 \u05ea\u05de\u05d9\u05d3 \u05d9\u05d4\u05d9\u05d4 \u05de\u05e4\u05d5\u05e6\u05dc \u05d1\u05d9\u05df \u05db\u05df \u05d0\u05d7\u05d3 \u05d5\u05be\u05dc\u05d0 \u05d0\u05d7\u05d3. \u05d2\u05dd \u05d4\u05dc\u05e9\u05d5\u05df \u05d1\u05d4 \u05d9\u05ea\u05d1\u05d8\u05d0 \u05dc\u05d0 \u05e0\u05d1\u05d7\u05e8\u05d4 \u05e2\u05dc \u05d9\u05d3\u05d5, \u05d4\u05d9\u05d0 \u05e0\u05db\u05e4\u05d9\u05ea \u05e2\u05dc\u05d9\u05d5 \u05e2\u05dc\u05be\u05d9\u05d3\u05d9 \u05d4\u05de\u05d9\u05dc\u05d9\u05dd \u05e9\u05e0\u05e9\u05de\u05e2\u05d5\u05ea, \u05db\u05de\u05d5 \u05d2\u05dd \u05d4\u05de\u05e0\u05d4\u05d2\u05d9\u05dd \u05e2\u05de\u05dd \u05d9\u05e6\u05d8\u05e8\u05da \u05dc\u05d7\u05d9\u05d5\u05ea, \u05dc\u05d1\u05e0\u05d5\u05ea \u05d6\u05d4\u05d5\u05ea, \u05dc\u05dc\u05de\u05d5\u05d3 \u05dc\u05e9\u05d0\u05ea \u05d5\u05dc\u05ea\u05ea. \u05d1\u05e9\u05e4\u05d4 \u05e9\u05d0\u05e0\u05d5 \u05de\u05e6\u05d9\u05e2\u05d9\u05dd \u05dc\u05d5 \u05d4\u05d5\u05d0 \u05d9\u05e2\u05e9\u05d4 \u05e9\u05d9\u05de\u05d5\u05e9 \u05dc\u05d6\u05d4\u05d5\u05ea \u05d0\u05ea \u05d0\u05e9\u05e8 \u05d4\u05d5\u05d0 \u05d7\u05e9, \u05d1\u05de\u05d4 \u05e9\u05d4\u05d5\u05d0 \u05d5\u05d1\u05de\u05d4 \u05e9\u05d4\u05d5\u05d0 \u05d0\u05d5\u05de\u05e8. \u05d1\u05d9\u05d8\u05d5\u05d9\u05d9\u05d5 \u05d5\u05d3\u05e8\u05da \u05d0\u05de\u05d9\u05e8\u05ea \u05de\u05d9\u05dc\u05d5\u05ea\u05d9\u05d5 \u05d4\u05dd \u05ea\u05de\u05d9\u05d3 \u05d9\u05d9\u05d7\u05d5\u05d3\u05d9\u05d9\u05dd \u05d5\u05d7\u05e9\u05d5\u05d1 \u05dc\u05d3\u05e2\u05ea \u05dc\u05e7\u05d1\u05dc \u05d0\u05d5\u05ea\u05dd \u05db\u05d9\u05e6\u05d9\u05e8\u05d5\u05ea\u05d9\u05d5.<\/p>\n<p style=\"direction: rtl;\"><strong>\u05e2\u05dc \u05d4\u05de\u05d7\u05d1\u05e8<\/strong><\/p>\n<p style=\"direction: rtl;\">\u05e4\u05d9\u05dc\u05d9\u05e4 \u05dc\u05d0\u05e7\u05d0\u05d3\u05d4, \u05d4\u05d5\u05d0 \u05e4\u05e1\u05d9\u05db\u05d9\u05d0\u05d8\u05e8 \u05d5\u05e4\u05e1\u05d9\u05db\u05d5\u05d0\u05e0\u05dc\u05d9\u05d8\u05d9\u05e7\u05d0\u05d9 \u05d4\u05d7\u05d9 \u05d5\u05e2\u05d5\u05d1\u05d3 \u05d1\u05d1\u05d5\u05e8\u05d3\u05d5, \u05e6\u05e8\u05e4\u05ea. \u05d4\u05d5\u05d0 \u05d7\u05d1\u05e8 \u05d1\u05beECF (\u05d1\u05d0\u05e1\u05db\u05d5\u05dc\u05d4 \u05e9\u05dc \u05d4\u05e1\u05d9\u05d1\u05d4 \u05d4\u05e4\u05e8\u05d5\u05d9\u05d3\u05d9\u05d0\u05e0\u05d9\u05ea), \u05d1\u05beAMP (\u05d1\u05d0\u05d2\u05d5\u05d3\u05d4 \u05d4\u05e2\u05d5\u05dc\u05de\u05d9\u05ea \u05e9\u05dc \u05e4\u05e1\u05d9\u05db\u05d5\u05d0\u05e0\u05dc\u05d9\u05d6\u05d4) \u05d5\u05d1\u05beNLS (\u05d1\u05d0\u05e1\u05db\u05d5\u05dc\u05d4 \u05d4\u05dc\u05d0\u05e7\u05d0\u05e0\u05d9\u05d0\u05e0\u05d9\u05ea \u05d4\u05d7\u05d3\u05e9\u05d4). \u05d4\u05d5\u05d0 \u05de\u05d5\u05e8\u05d4 \u05d1\u05e1\u05e7\u05e6\u05d9\u05d4 \u05d4\u05e7\u05dc\u05d9\u05e0\u05d9\u05ea \u05e9\u05dc \u05d1\u05d5\u05e8\u05d3\u05d5 \u05d5\u05de\u05d7\u05d1\u05e8\u05dd \u05e9\u05dc \u05e1\u05e4\u05e8\u05d9\u05dd \u05e8\u05d1\u05d9\u05dd, \u05d1\u05d9\u05e0\u05d9\u05d4\u05dd: Le Malentendu de l&#8217;enfant, L&#8217;\u00c9veil et l&#8217;Exil, La vraie vie \u00e0 l&#8217;\u00c9cole , \u05d5\u05db\u05df \u05e2\u05d1\u05d5\u05d3\u05d5\u05ea \u05e8\u05d1\u05d5\u05ea \u05e9\u05e4\u05d5\u05e8\u05e1\u05de\u05d5 \u05d1\u05db\u05ea\u05d1\u05d9 \u05e2\u05ea \u05e4\u05e1\u05d9\u05db\u05d5\u05d0\u05e0\u05dc\u05d9\u05d8\u05d9\u05d9\u05dd.<\/p>\n","protected":false},"excerpt":{"rendered":"<p style=\"direction: rtl;\"><strong>\u05e9\u05dd \u05d4\u05db\u05d5\u05ea\u05e8<\/strong>: \u05d4\u05d6\u05de\u05df \u05d4\u05dc\u05d5\u05d2\u05d9 \u05e9\u05dc \u05d4\u05d4\u05ea\u05d1\u05d2\u05e8\u05d5\u05ea &#8211; \u05d7\u05d9\u05d3\u05d5\u05e9\u05d9\u05dd \u05d5\u05d4\u05d1\u05e0\u05d9\u05d5\u05ea<\/p>\n<p style=\"direction: rtl;\"><strong>\u05de\u05d7\u05d1\u05e8:<\/strong> \u05e4\u05d9\u05dc\u05d9\u05e4 \u05dc\u05d0\u05e7\u05d0\u05d3\u05d4<\/p>\n<p style=\"direction: rtl;\"><strong>\u05e1\u05d3\u05e8\u05d4<\/strong>: \u05e8\u05d9\u05e9\u05d5\u05de\u05d9\u05dd a \u2013 \u05e0\u05dc\u05d9\u05d8\u05d9\u05d9\u05dd<\/p>\n<p style=\"direction: rtl;\"><strong>\u05e9\u05e0\u05ea \u05d9\u05e6\u05d9\u05d0\u05d4 \u05dc\u05d0\u05d5\u05e8<\/strong>: 2026<\/p>\n<p style=\"direction: rtl;\"><strong>\u05de\u05e1\u05e4\u05e8 \u05e2\u05de\u05d5\u05d3\u05d9\u05dd<\/strong>: 324<\/p>\n<p style=\"direction: rtl;\"><strong>\u05e1\u05d5\u05d2 \u05db\u05e8\u05d9\u05db\u05d4<\/strong>: \u05e8\u05db\u05d4<\/p>\n<p style=\"direction: rtl;\"><strong>\u05ea\u05e8\u05d2\u05d5\u05dd<\/strong>: \u05e1\u05de\u05d5\u05d0\u05dc \u05e0\u05de\u05d9\u05e8\u05d5\u05d1\u05e1\u05e7\u05d9 \u05d5\u05d0\u05d5\u05e8\u05e0\u05d4 \u05e7\u05e1\u05d8\u05dc, \u05e1\u05e8\u05d7\u05d9\u05d5 \u05de\u05d9\u05e9\u05e7\u05d9\u05df \u05d5\u05d9\u05d5\u05e0\u05ea\u05df \u05dc\u05d5\u05d9\u05df<\/p>\n<p style=\"direction: rtl;\"><strong>\u05e2\u05e8\u05d9\u05db\u05d4<\/strong>: \u05e2\u05de\u05e8\u05d9 \u05d0\u05d5\u05e4\u05e7 \u05dc\u05d5\u05d6\u05d5\u05df<\/p>\n<p style=\"direction: rtl;\"><strong>\u05e7\u05e8\u05d9\u05d0\u05d4<\/strong>: \u05dc\u05d9\u05e8\u05d5\u05df \u05d5\u05e8\u05d8\u05d9\u05d9\u05d4\u05dd \u05d5\u05d0\u05de\u05d9\u05e8 \u05e7\u05d5\u05e4\u05e4\u05e8\u05e9\u05de\u05d9\u05d3\u05d8<\/p>\n<p style=\"direction: rtl;\"><strong>\u05d4\u05d2\u05d4\u05d4<\/strong>: \u05d0\u05d1\u05d9\u05d1\u05d9\u05ea \u05e9\u05d9\u05d9\u05df \u05de\u05d9\u05d3\u05df \u05d5\u05e7\u05dc\u05d0\u05d5\u05d3\u05d9\u05d4 \u05d0\u05d9\u05d3\u05df<\/p>\n","protected":false},"featured_media":7328,"template":"","meta":{"_acf_changed":false,"_bbp_topic_count":0,"_bbp_reply_count":0,"_bbp_total_topic_count":0,"_bbp_total_reply_count":0,"_bbp_voice_count":0,"_bbp_anonymous_reply_count":0,"_bbp_topic_count_hidden":0,"_bbp_reply_count_hidden":0,"_bbp_forum_subforum_count":0},"product_brand":[],"product_cat":[52],"product_tag":[],"class_list":{"0":"post-7327","1":"product","2":"type-product","3":"status-publish","4":"has-post-thumbnail","6":"product_cat-shop","8":"first","9":"instock","10":"shipping-taxable","11":"purchasable","12":"product-type-simple"},"acf":[],"yoast_head":"<!-- This site is optimized with the Yoast SEO plugin v27.0 - https:\/\/yoast.com\/product\/yoast-seo-wordpress\/ -->\n<title>\u05d4\u05d6\u05de\u05df \u05d4\u05dc\u05d5\u05d2\u05d9 \u05e9\u05dc \u05d4\u05d4\u05ea\u05d1\u05d2\u05e8\u05d5\u05ea \u05de\u05d0\u05ea \u05e4\u05d9\u05dc\u05d9\u05e4 \u05dc\u05d0\u05e7\u05d0\u05d3\u05d4 [\u05e1\u05e4\u05e8\u05d5\u05ea \u05de\u05e7\u05e6\u05d5\u05e2\u05d9\u05ea] - \u05e8\u05e9\u05ea \u05dc\u05d0\u05e7\u05d0\u05e0\u05d9\u05d0\u05e0\u05d9\u05ea<\/title>\n<meta name=\"robots\" content=\"index, follow, max-snippet:-1, max-image-preview:large, max-video-preview:-1\" \/>\n<link rel=\"canonical\" href=\"https:\/\/reshetlacanianit.co.il\/?product=\u05d4\u05d6\u05de\u05df-\u05d4\u05dc\u05d5\u05d2\u05d9-\u05e9\u05dc-\u05d4\u05d4\u05ea\u05d1\u05d2\u05e8\u05d5\u05ea-\u05de\u05d0\u05ea-\u05e4\u05d9\u05dc\u05d9\u05e4-\u05dc\u05d0\u05e7\u05d0\u05d3\" \/>\n<meta property=\"og:locale\" content=\"en_US\" \/>\n<meta property=\"og:type\" content=\"article\" \/>\n<meta property=\"og:title\" content=\"\u05d4\u05d6\u05de\u05df \u05d4\u05dc\u05d5\u05d2\u05d9 \u05e9\u05dc \u05d4\u05d4\u05ea\u05d1\u05d2\u05e8\u05d5\u05ea \u05de\u05d0\u05ea \u05e4\u05d9\u05dc\u05d9\u05e4 \u05dc\u05d0\u05e7\u05d0\u05d3\u05d4 [\u05e1\u05e4\u05e8\u05d5\u05ea \u05de\u05e7\u05e6\u05d5\u05e2\u05d9\u05ea] - \u05e8\u05e9\u05ea \u05dc\u05d0\u05e7\u05d0\u05e0\u05d9\u05d0\u05e0\u05d9\u05ea\" \/>\n<meta property=\"og:url\" content=\"https:\/\/reshetlacanianit.co.il\/?product=\u05d4\u05d6\u05de\u05df-\u05d4\u05dc\u05d5\u05d2\u05d9-\u05e9\u05dc-\u05d4\u05d4\u05ea\u05d1\u05d2\u05e8\u05d5\u05ea-\u05de\u05d0\u05ea-\u05e4\u05d9\u05dc\u05d9\u05e4-\u05dc\u05d0\u05e7\u05d0\u05d3\" \/>\n<meta property=\"og:site_name\" content=\"\u05e8\u05e9\u05ea \u05dc\u05d0\u05e7\u05d0\u05e0\u05d9\u05d0\u05e0\u05d9\u05ea\" \/>\n<meta property=\"article:publisher\" content=\"https:\/\/www.facebook.com\/ReshetLacanianit-191730040963217\/\" \/>\n<meta property=\"article:modified_time\" content=\"2026-05-11T06:59:07+00:00\" \/>\n<meta property=\"og:image\" content=\"https:\/\/reshetlacanianit.co.il\/wp-content\/uploads\/2026\/05\/\u05db\u05e8\u05d9\u05db\u05d4-\u05dc\u05d0\u05e7\u05d0\u05d3.jpg\" \/>\n\t<meta property=\"og:image:width\" content=\"412\" \/>\n\t<meta property=\"og:image:height\" content=\"576\" \/>\n\t<meta property=\"og:image:type\" content=\"image\/jpeg\" \/>\n<meta name=\"twitter:card\" content=\"summary_large_image\" \/>\n<script type=\"application\/ld+json\" class=\"yoast-schema-graph\">{\"@context\":\"https:\/\/schema.org\",\"@graph\":[{\"@type\":\"WebPage\",\"@id\":\"https:\/\/reshetlacanianit.co.il\/?product=%d7%94%d7%96%d7%9e%d7%9f-%d7%94%d7%9c%d7%95%d7%92%d7%99-%d7%a9%d7%9c-%d7%94%d7%94%d7%aa%d7%91%d7%92%d7%a8%d7%95%d7%aa-%d7%9e%d7%90%d7%aa-%d7%a4%d7%99%d7%9c%d7%99%d7%a4-%d7%9c%d7%90%d7%a7%d7%90%d7%93\",\"url\":\"https:\/\/reshetlacanianit.co.il\/?product=%d7%94%d7%96%d7%9e%d7%9f-%d7%94%d7%9c%d7%95%d7%92%d7%99-%d7%a9%d7%9c-%d7%94%d7%94%d7%aa%d7%91%d7%92%d7%a8%d7%95%d7%aa-%d7%9e%d7%90%d7%aa-%d7%a4%d7%99%d7%9c%d7%99%d7%a4-%d7%9c%d7%90%d7%a7%d7%90%d7%93\",\"name\":\"\u05d4\u05d6\u05de\u05df \u05d4\u05dc\u05d5\u05d2\u05d9 \u05e9\u05dc \u05d4\u05d4\u05ea\u05d1\u05d2\u05e8\u05d5\u05ea \u05de\u05d0\u05ea \u05e4\u05d9\u05dc\u05d9\u05e4 \u05dc\u05d0\u05e7\u05d0\u05d3\u05d4 [\u05e1\u05e4\u05e8\u05d5\u05ea \u05de\u05e7\u05e6\u05d5\u05e2\u05d9\u05ea] - \u05e8\u05e9\u05ea \u05dc\u05d0\u05e7\u05d0\u05e0\u05d9\u05d0\u05e0\u05d9\u05ea\",\"isPartOf\":{\"@id\":\"https:\/\/reshetlacanianit.co.il\/#website\"},\"primaryImageOfPage\":{\"@id\":\"https:\/\/reshetlacanianit.co.il\/?product=%d7%94%d7%96%d7%9e%d7%9f-%d7%94%d7%9c%d7%95%d7%92%d7%99-%d7%a9%d7%9c-%d7%94%d7%94%d7%aa%d7%91%d7%92%d7%a8%d7%95%d7%aa-%d7%9e%d7%90%d7%aa-%d7%a4%d7%99%d7%9c%d7%99%d7%a4-%d7%9c%d7%90%d7%a7%d7%90%d7%93#primaryimage\"},\"image\":{\"@id\":\"https:\/\/reshetlacanianit.co.il\/?product=%d7%94%d7%96%d7%9e%d7%9f-%d7%94%d7%9c%d7%95%d7%92%d7%99-%d7%a9%d7%9c-%d7%94%d7%94%d7%aa%d7%91%d7%92%d7%a8%d7%95%d7%aa-%d7%9e%d7%90%d7%aa-%d7%a4%d7%99%d7%9c%d7%99%d7%a4-%d7%9c%d7%90%d7%a7%d7%90%d7%93#primaryimage\"},\"thumbnailUrl\":\"https:\/\/reshetlacanianit.co.il\/wp-content\/uploads\/2026\/05\/\u05db\u05e8\u05d9\u05db\u05d4-\u05dc\u05d0\u05e7\u05d0\u05d3.jpg\",\"datePublished\":\"2026-05-10T14:33:09+00:00\",\"dateModified\":\"2026-05-11T06:59:07+00:00\",\"breadcrumb\":{\"@id\":\"https:\/\/reshetlacanianit.co.il\/?product=%d7%94%d7%96%d7%9e%d7%9f-%d7%94%d7%9c%d7%95%d7%92%d7%99-%d7%a9%d7%9c-%d7%94%d7%94%d7%aa%d7%91%d7%92%d7%a8%d7%95%d7%aa-%d7%9e%d7%90%d7%aa-%d7%a4%d7%99%d7%9c%d7%99%d7%a4-%d7%9c%d7%90%d7%a7%d7%90%d7%93#breadcrumb\"},\"inLanguage\":\"en-US\",\"potentialAction\":[{\"@type\":\"ReadAction\",\"target\":[\"https:\/\/reshetlacanianit.co.il\/?product=%d7%94%d7%96%d7%9e%d7%9f-%d7%94%d7%9c%d7%95%d7%92%d7%99-%d7%a9%d7%9c-%d7%94%d7%94%d7%aa%d7%91%d7%92%d7%a8%d7%95%d7%aa-%d7%9e%d7%90%d7%aa-%d7%a4%d7%99%d7%9c%d7%99%d7%a4-%d7%9c%d7%90%d7%a7%d7%90%d7%93\"]}]},{\"@type\":\"ImageObject\",\"inLanguage\":\"en-US\",\"@id\":\"https:\/\/reshetlacanianit.co.il\/?product=%d7%94%d7%96%d7%9e%d7%9f-%d7%94%d7%9c%d7%95%d7%92%d7%99-%d7%a9%d7%9c-%d7%94%d7%94%d7%aa%d7%91%d7%92%d7%a8%d7%95%d7%aa-%d7%9e%d7%90%d7%aa-%d7%a4%d7%99%d7%9c%d7%99%d7%a4-%d7%9c%d7%90%d7%a7%d7%90%d7%93#primaryimage\",\"url\":\"https:\/\/reshetlacanianit.co.il\/wp-content\/uploads\/2026\/05\/\u05db\u05e8\u05d9\u05db\u05d4-\u05dc\u05d0\u05e7\u05d0\u05d3.jpg\",\"contentUrl\":\"https:\/\/reshetlacanianit.co.il\/wp-content\/uploads\/2026\/05\/\u05db\u05e8\u05d9\u05db\u05d4-\u05dc\u05d0\u05e7\u05d0\u05d3.jpg\",\"width\":412,\"height\":576},{\"@type\":\"BreadcrumbList\",\"@id\":\"https:\/\/reshetlacanianit.co.il\/?product=%d7%94%d7%96%d7%9e%d7%9f-%d7%94%d7%9c%d7%95%d7%92%d7%99-%d7%a9%d7%9c-%d7%94%d7%94%d7%aa%d7%91%d7%92%d7%a8%d7%95%d7%aa-%d7%9e%d7%90%d7%aa-%d7%a4%d7%99%d7%9c%d7%99%d7%a4-%d7%9c%d7%90%d7%a7%d7%90%d7%93#breadcrumb\",\"itemListElement\":[{\"@type\":\"ListItem\",\"position\":1,\"name\":\"Home\",\"item\":\"https:\/\/reshetlacanianit.co.il\/\"},{\"@type\":\"ListItem\",\"position\":2,\"name\":\"\u05d7\u05e0\u05d5\u05ea\",\"item\":\"https:\/\/reshetlacanianit.co.il\/?page_id=1590\"},{\"@type\":\"ListItem\",\"position\":3,\"name\":\"\u05d4\u05d6\u05de\u05df \u05d4\u05dc\u05d5\u05d2\u05d9 \u05e9\u05dc \u05d4\u05d4\u05ea\u05d1\u05d2\u05e8\u05d5\u05ea \u05de\u05d0\u05ea \u05e4\u05d9\u05dc\u05d9\u05e4 \u05dc\u05d0\u05e7\u05d0\u05d3\u05d4 [\u05e1\u05e4\u05e8\u05d5\u05ea \u05de\u05e7\u05e6\u05d5\u05e2\u05d9\u05ea]\"}]},{\"@type\":\"WebSite\",\"@id\":\"https:\/\/reshetlacanianit.co.il\/#website\",\"url\":\"https:\/\/reshetlacanianit.co.il\/\",\"name\":\"\u05e8\u05e9\u05ea \u05dc\u05d0\u05e7\u05d0\u05e0\u05d9\u05d0\u05e0\u05d9\u05ea\",\"description\":\"\",\"publisher\":{\"@id\":\"https:\/\/reshetlacanianit.co.il\/#organization\"},\"potentialAction\":[{\"@type\":\"SearchAction\",\"target\":{\"@type\":\"EntryPoint\",\"urlTemplate\":\"https:\/\/reshetlacanianit.co.il\/?s={search_term_string}\"},\"query-input\":{\"@type\":\"PropertyValueSpecification\",\"valueRequired\":true,\"valueName\":\"search_term_string\"}}],\"inLanguage\":\"en-US\"},{\"@type\":\"Organization\",\"@id\":\"https:\/\/reshetlacanianit.co.il\/#organization\",\"name\":\"\u05e8\u05e9\u05ea \u05dc\u05d0\u05e7\u05d0\u05e0\u05d9\u05d0\u05e0\u05d9\u05ea\",\"url\":\"https:\/\/reshetlacanianit.co.il\/\",\"logo\":{\"@type\":\"ImageObject\",\"inLanguage\":\"en-US\",\"@id\":\"https:\/\/reshetlacanianit.co.il\/#\/schema\/logo\/image\/\",\"url\":\"https:\/\/reshetlacanianit.co.il\/wp-content\/uploads\/2021\/03\/new-logo.jpg\",\"contentUrl\":\"https:\/\/reshetlacanianit.co.il\/wp-content\/uploads\/2021\/03\/new-logo.jpg\",\"width\":204,\"height\":124,\"caption\":\"\u05e8\u05e9\u05ea \u05dc\u05d0\u05e7\u05d0\u05e0\u05d9\u05d0\u05e0\u05d9\u05ea\"},\"image\":{\"@id\":\"https:\/\/reshetlacanianit.co.il\/#\/schema\/logo\/image\/\"},\"sameAs\":[\"https:\/\/www.facebook.com\/ReshetLacanianit-191730040963217\/\",\"https:\/\/www.youtube.com\/channel\/UCw2w8uk4nO8r_tZa8zFDd4A\"]}]}<\/script>\n<!-- \/ Yoast SEO plugin. -->","yoast_head_json":{"title":"\u05d4\u05d6\u05de\u05df \u05d4\u05dc\u05d5\u05d2\u05d9 \u05e9\u05dc \u05d4\u05d4\u05ea\u05d1\u05d2\u05e8\u05d5\u05ea \u05de\u05d0\u05ea \u05e4\u05d9\u05dc\u05d9\u05e4 \u05dc\u05d0\u05e7\u05d0\u05d3\u05d4 [\u05e1\u05e4\u05e8\u05d5\u05ea \u05de\u05e7\u05e6\u05d5\u05e2\u05d9\u05ea] - \u05e8\u05e9\u05ea \u05dc\u05d0\u05e7\u05d0\u05e0\u05d9\u05d0\u05e0\u05d9\u05ea","robots":{"index":"index","follow":"follow","max-snippet":"max-snippet:-1","max-image-preview":"max-image-preview:large","max-video-preview":"max-video-preview:-1"},"canonical":"https:\/\/reshetlacanianit.co.il\/?product=\u05d4\u05d6\u05de\u05df-\u05d4\u05dc\u05d5\u05d2\u05d9-\u05e9\u05dc-\u05d4\u05d4\u05ea\u05d1\u05d2\u05e8\u05d5\u05ea-\u05de\u05d0\u05ea-\u05e4\u05d9\u05dc\u05d9\u05e4-\u05dc\u05d0\u05e7\u05d0\u05d3","og_locale":"en_US","og_type":"article","og_title":"\u05d4\u05d6\u05de\u05df \u05d4\u05dc\u05d5\u05d2\u05d9 \u05e9\u05dc \u05d4\u05d4\u05ea\u05d1\u05d2\u05e8\u05d5\u05ea \u05de\u05d0\u05ea \u05e4\u05d9\u05dc\u05d9\u05e4 \u05dc\u05d0\u05e7\u05d0\u05d3\u05d4 [\u05e1\u05e4\u05e8\u05d5\u05ea \u05de\u05e7\u05e6\u05d5\u05e2\u05d9\u05ea] - \u05e8\u05e9\u05ea \u05dc\u05d0\u05e7\u05d0\u05e0\u05d9\u05d0\u05e0\u05d9\u05ea","og_url":"https:\/\/reshetlacanianit.co.il\/?product=\u05d4\u05d6\u05de\u05df-\u05d4\u05dc\u05d5\u05d2\u05d9-\u05e9\u05dc-\u05d4\u05d4\u05ea\u05d1\u05d2\u05e8\u05d5\u05ea-\u05de\u05d0\u05ea-\u05e4\u05d9\u05dc\u05d9\u05e4-\u05dc\u05d0\u05e7\u05d0\u05d3","og_site_name":"\u05e8\u05e9\u05ea \u05dc\u05d0\u05e7\u05d0\u05e0\u05d9\u05d0\u05e0\u05d9\u05ea","article_publisher":"https:\/\/www.facebook.com\/ReshetLacanianit-191730040963217\/","article_modified_time":"2026-05-11T06:59:07+00:00","og_image":[{"width":412,"height":576,"url":"https:\/\/reshetlacanianit.co.il\/wp-content\/uploads\/2026\/05\/\u05db\u05e8\u05d9\u05db\u05d4-\u05dc\u05d0\u05e7\u05d0\u05d3.jpg","type":"image\/jpeg"}],"twitter_card":"summary_large_image","schema":{"@context":"https:\/\/schema.org","@graph":[{"@type":"WebPage","@id":"https:\/\/reshetlacanianit.co.il\/?product=%d7%94%d7%96%d7%9e%d7%9f-%d7%94%d7%9c%d7%95%d7%92%d7%99-%d7%a9%d7%9c-%d7%94%d7%94%d7%aa%d7%91%d7%92%d7%a8%d7%95%d7%aa-%d7%9e%d7%90%d7%aa-%d7%a4%d7%99%d7%9c%d7%99%d7%a4-%d7%9c%d7%90%d7%a7%d7%90%d7%93","url":"https:\/\/reshetlacanianit.co.il\/?product=%d7%94%d7%96%d7%9e%d7%9f-%d7%94%d7%9c%d7%95%d7%92%d7%99-%d7%a9%d7%9c-%d7%94%d7%94%d7%aa%d7%91%d7%92%d7%a8%d7%95%d7%aa-%d7%9e%d7%90%d7%aa-%d7%a4%d7%99%d7%9c%d7%99%d7%a4-%d7%9c%d7%90%d7%a7%d7%90%d7%93","name":"\u05d4\u05d6\u05de\u05df \u05d4\u05dc\u05d5\u05d2\u05d9 \u05e9\u05dc \u05d4\u05d4\u05ea\u05d1\u05d2\u05e8\u05d5\u05ea \u05de\u05d0\u05ea \u05e4\u05d9\u05dc\u05d9\u05e4 \u05dc\u05d0\u05e7\u05d0\u05d3\u05d4 [\u05e1\u05e4\u05e8\u05d5\u05ea \u05de\u05e7\u05e6\u05d5\u05e2\u05d9\u05ea] - \u05e8\u05e9\u05ea \u05dc\u05d0\u05e7\u05d0\u05e0\u05d9\u05d0\u05e0\u05d9\u05ea","isPartOf":{"@id":"https:\/\/reshetlacanianit.co.il\/#website"},"primaryImageOfPage":{"@id":"https:\/\/reshetlacanianit.co.il\/?product=%d7%94%d7%96%d7%9e%d7%9f-%d7%94%d7%9c%d7%95%d7%92%d7%99-%d7%a9%d7%9c-%d7%94%d7%94%d7%aa%d7%91%d7%92%d7%a8%d7%95%d7%aa-%d7%9e%d7%90%d7%aa-%d7%a4%d7%99%d7%9c%d7%99%d7%a4-%d7%9c%d7%90%d7%a7%d7%90%d7%93#primaryimage"},"image":{"@id":"https:\/\/reshetlacanianit.co.il\/?product=%d7%94%d7%96%d7%9e%d7%9f-%d7%94%d7%9c%d7%95%d7%92%d7%99-%d7%a9%d7%9c-%d7%94%d7%94%d7%aa%d7%91%d7%92%d7%a8%d7%95%d7%aa-%d7%9e%d7%90%d7%aa-%d7%a4%d7%99%d7%9c%d7%99%d7%a4-%d7%9c%d7%90%d7%a7%d7%90%d7%93#primaryimage"},"thumbnailUrl":"https:\/\/reshetlacanianit.co.il\/wp-content\/uploads\/2026\/05\/\u05db\u05e8\u05d9\u05db\u05d4-\u05dc\u05d0\u05e7\u05d0\u05d3.jpg","datePublished":"2026-05-10T14:33:09+00:00","dateModified":"2026-05-11T06:59:07+00:00","breadcrumb":{"@id":"https:\/\/reshetlacanianit.co.il\/?product=%d7%94%d7%96%d7%9e%d7%9f-%d7%94%d7%9c%d7%95%d7%92%d7%99-%d7%a9%d7%9c-%d7%94%d7%94%d7%aa%d7%91%d7%92%d7%a8%d7%95%d7%aa-%d7%9e%d7%90%d7%aa-%d7%a4%d7%99%d7%9c%d7%99%d7%a4-%d7%9c%d7%90%d7%a7%d7%90%d7%93#breadcrumb"},"inLanguage":"en-US","potentialAction":[{"@type":"ReadAction","target":["https:\/\/reshetlacanianit.co.il\/?product=%d7%94%d7%96%d7%9e%d7%9f-%d7%94%d7%9c%d7%95%d7%92%d7%99-%d7%a9%d7%9c-%d7%94%d7%94%d7%aa%d7%91%d7%92%d7%a8%d7%95%d7%aa-%d7%9e%d7%90%d7%aa-%d7%a4%d7%99%d7%9c%d7%99%d7%a4-%d7%9c%d7%90%d7%a7%d7%90%d7%93"]}]},{"@type":"ImageObject","inLanguage":"en-US","@id":"https:\/\/reshetlacanianit.co.il\/?product=%d7%94%d7%96%d7%9e%d7%9f-%d7%94%d7%9c%d7%95%d7%92%d7%99-%d7%a9%d7%9c-%d7%94%d7%94%d7%aa%d7%91%d7%92%d7%a8%d7%95%d7%aa-%d7%9e%d7%90%d7%aa-%d7%a4%d7%99%d7%9c%d7%99%d7%a4-%d7%9c%d7%90%d7%a7%d7%90%d7%93#primaryimage","url":"https:\/\/reshetlacanianit.co.il\/wp-content\/uploads\/2026\/05\/\u05db\u05e8\u05d9\u05db\u05d4-\u05dc\u05d0\u05e7\u05d0\u05d3.jpg","contentUrl":"https:\/\/reshetlacanianit.co.il\/wp-content\/uploads\/2026\/05\/\u05db\u05e8\u05d9\u05db\u05d4-\u05dc\u05d0\u05e7\u05d0\u05d3.jpg","width":412,"height":576},{"@type":"BreadcrumbList","@id":"https:\/\/reshetlacanianit.co.il\/?product=%d7%94%d7%96%d7%9e%d7%9f-%d7%94%d7%9c%d7%95%d7%92%d7%99-%d7%a9%d7%9c-%d7%94%d7%94%d7%aa%d7%91%d7%92%d7%a8%d7%95%d7%aa-%d7%9e%d7%90%d7%aa-%d7%a4%d7%99%d7%9c%d7%99%d7%a4-%d7%9c%d7%90%d7%a7%d7%90%d7%93#breadcrumb","itemListElement":[{"@type":"ListItem","position":1,"name":"Home","item":"https:\/\/reshetlacanianit.co.il\/"},{"@type":"ListItem","position":2,"name":"\u05d7\u05e0\u05d5\u05ea","item":"https:\/\/reshetlacanianit.co.il\/?page_id=1590"},{"@type":"ListItem","position":3,"name":"\u05d4\u05d6\u05de\u05df \u05d4\u05dc\u05d5\u05d2\u05d9 \u05e9\u05dc \u05d4\u05d4\u05ea\u05d1\u05d2\u05e8\u05d5\u05ea \u05de\u05d0\u05ea \u05e4\u05d9\u05dc\u05d9\u05e4 \u05dc\u05d0\u05e7\u05d0\u05d3\u05d4 [\u05e1\u05e4\u05e8\u05d5\u05ea \u05de\u05e7\u05e6\u05d5\u05e2\u05d9\u05ea]"}]},{"@type":"WebSite","@id":"https:\/\/reshetlacanianit.co.il\/#website","url":"https:\/\/reshetlacanianit.co.il\/","name":"\u05e8\u05e9\u05ea \u05dc\u05d0\u05e7\u05d0\u05e0\u05d9\u05d0\u05e0\u05d9\u05ea","description":"","publisher":{"@id":"https:\/\/reshetlacanianit.co.il\/#organization"},"potentialAction":[{"@type":"SearchAction","target":{"@type":"EntryPoint","urlTemplate":"https:\/\/reshetlacanianit.co.il\/?s={search_term_string}"},"query-input":{"@type":"PropertyValueSpecification","valueRequired":true,"valueName":"search_term_string"}}],"inLanguage":"en-US"},{"@type":"Organization","@id":"https:\/\/reshetlacanianit.co.il\/#organization","name":"\u05e8\u05e9\u05ea \u05dc\u05d0\u05e7\u05d0\u05e0\u05d9\u05d0\u05e0\u05d9\u05ea","url":"https:\/\/reshetlacanianit.co.il\/","logo":{"@type":"ImageObject","inLanguage":"en-US","@id":"https:\/\/reshetlacanianit.co.il\/#\/schema\/logo\/image\/","url":"https:\/\/reshetlacanianit.co.il\/wp-content\/uploads\/2021\/03\/new-logo.jpg","contentUrl":"https:\/\/reshetlacanianit.co.il\/wp-content\/uploads\/2021\/03\/new-logo.jpg","width":204,"height":124,"caption":"\u05e8\u05e9\u05ea \u05dc\u05d0\u05e7\u05d0\u05e0\u05d9\u05d0\u05e0\u05d9\u05ea"},"image":{"@id":"https:\/\/reshetlacanianit.co.il\/#\/schema\/logo\/image\/"},"sameAs":["https:\/\/www.facebook.com\/ReshetLacanianit-191730040963217\/","https:\/\/www.youtube.com\/channel\/UCw2w8uk4nO8r_tZa8zFDd4A"]}]}},"_links":{"self":[{"href":"https:\/\/reshetlacanianit.co.il\/index.php?rest_route=\/wp\/v2\/product\/7327","targetHints":{"allow":["GET"]}}],"collection":[{"href":"https:\/\/reshetlacanianit.co.il\/index.php?rest_route=\/wp\/v2\/product"}],"about":[{"href":"https:\/\/reshetlacanianit.co.il\/index.php?rest_route=\/wp\/v2\/types\/product"}],"wp:featuredmedia":[{"embeddable":true,"href":"https:\/\/reshetlacanianit.co.il\/index.php?rest_route=\/wp\/v2\/media\/7328"}],"wp:attachment":[{"href":"https:\/\/reshetlacanianit.co.il\/index.php?rest_route=%2Fwp%2Fv2%2Fmedia&parent=7327"}],"wp:term":[{"taxonomy":"product_brand","embeddable":true,"href":"https:\/\/reshetlacanianit.co.il\/index.php?rest_route=%2Fwp%2Fv2%2Fproduct_brand&post=7327"},{"taxonomy":"product_cat","embeddable":true,"href":"https:\/\/reshetlacanianit.co.il\/index.php?rest_route=%2Fwp%2Fv2%2Fproduct_cat&post=7327"},{"taxonomy":"product_tag","embeddable":true,"href":"https:\/\/reshetlacanianit.co.il\/index.php?rest_route=%2Fwp%2Fv2%2Fproduct_tag&post=7327"}],"curies":[{"name":"wp","href":"https:\/\/api.w.org\/{rel}","templated":true}]}}